{"id":11293,"date":"2023-02-06T07:18:28","date_gmt":"2023-02-06T07:18:28","guid":{"rendered":"https:\/\/lapinetahotel.info\/camere\/"},"modified":"2023-03-24T10:20:23","modified_gmt":"2023-03-24T10:20:23","slug":"camere","status":"publish","type":"page","link":"https:\/\/lapinetahotel.info\/de\/camere\/","title":{"rendered":"Zimmer"},"content":{"rendered":"\t\t<div data-elementor-type=\"wp-post\" data-elementor-id=\"11293\" class=\"elementor elementor-11293 elementor-10731\">\n\t\t\t\t\t\t<section class=\"elementor-section elementor-top-section elementor-element elementor-element-f21c191 elementor-section-stretched elementor-section-boxed elementor-section-height-default elementor-section-height-default\" data-id=\"f21c191\" data-element_type=\"section\" data-settings=\"{&quot;stretch_section&quot;:&quot;section-stretched&quot;}\">\n\t\t\t\t\t\t<div class=\"elementor-container elementor-column-gap-default\">\n\t\t\t\t\t<div class=\"elementor-column elementor-col-100 elementor-top-column elementor-element elementor-element-12dbf63\" data-id=\"12dbf63\" data-element_type=\"column\">\n\t\t\t<div class=\"elementor-widget-wrap elementor-element-populated\">\n\t\t\t\t\t\t<div class=\"elementor-element elementor-element-27e39b8 elementor-widget elementor-widget-thim-heading\" data-id=\"27e39b8\" data-element_type=\"widget\" data-widget_type=\"thim-heading.default\">\n\t\t\t\t<div class=\"elementor-widget-container\">\n\t\t\t\t\t<div class=\"thim-widget-heading template-default\"><div class=\"thim-sc-heading\" >\n\t\t<div class=\"article_heading \">\n\t\t\t<h2  class=\"heading_secondary\">ZIMMER<\/h2>\n\t\t\t<p class=\"heading_primary\"  >COMFORT UND SERVICES<\/p>\n\t\t\t\n\t\t\t\n\t\t<\/div>\n\t<\/div><\/div>\t\t\t\t<\/div>\n\t\t\t\t<\/div>\n\t\t\t\t\t<\/div>\n\t\t<\/div>\n\t\t\t\t\t<\/div>\n\t\t<\/section>\n\t\t\t\t<section class=\"elementor-section elementor-top-section elementor-element elementor-element-30d1565 elementor-section-stretched elementor-section-boxed elementor-section-height-default elementor-section-height-default\" data-id=\"30d1565\" data-element_type=\"section\" data-settings=\"{&quot;stretch_section&quot;:&quot;section-stretched&quot;}\">\n\t\t\t\t\t\t<div class=\"elementor-container elementor-column-gap-default\">\n\t\t\t\t\t<div class=\"elementor-column elementor-col-50 elementor-top-column elementor-element elementor-element-0aa2fa8\" data-id=\"0aa2fa8\" data-element_type=\"column\">\n\t\t\t<div class=\"elementor-widget-wrap elementor-element-populated\">\n\t\t\t\t\t\t<div class=\"elementor-element elementor-element-161058b elementor-widget elementor-widget-html\" data-id=\"161058b\" data-element_type=\"widget\" data-widget_type=\"html.default\">\n\t\t\t\t<div class=\"elementor-widget-container\">\n\t\t\t\t\t<h4>Die Zimmer sind komfortabel ausgestattet.<\/h4><ul class=\"thim-list\" style=\"font-size: 20px; line-height: 27px; font-weight: 400;\">\r\n \t<li><i class=\"fa fa-check thim-primary-color\"><\/i>\r\n\r\nInternet wi-fi frei in Zimmer und in Rastaurant und ZDF channel<\/li><li><i class=\"fa fa-check thim-primary-color\"><\/i>\r\n\r\nSafe, F\u00f6n, Sat- und Digital-TV<\/li>\t<li><i class=\"fa fa-check thim-primary-color\"><\/i>  Balkon oder Terrasse mit Panoramablick.<\/li>\r\n \t\r\n<\/ul>\t\t\t\t<\/div>\n\t\t\t\t<\/div>\n\t\t\t\t\t<\/div>\n\t\t<\/div>\n\t\t\t\t<div class=\"elementor-column elementor-col-50 elementor-top-column elementor-element elementor-element-99c3ff4\" data-id=\"99c3ff4\" data-element_type=\"column\">\n\t\t\t<div class=\"elementor-widget-wrap elementor-element-populated\">\n\t\t\t\t\t\t<div class=\"elementor-element elementor-element-5c773cf elementor-widget elementor-widget-html\" data-id=\"5c773cf\" data-element_type=\"widget\" data-widget_type=\"html.default\">\n\t\t\t\t<div class=\"elementor-widget-container\">\n\t\t\t\t\t<h4>Das Hotel ist ausgestattet mit:<\/h4><ul class=\"thim-list\" style=\"font-size: 20px; line-height: 27px; font-weight: 400;\">\r\n \t<li><i class=\"fa fa-check thim-primary-color\"><\/i>solarium<\/li><li><i class=\"fa fa-check thim-primary-color\"><\/i>kleiner Spielplatz f\u00fcr Kinder <\/li><li><i class=\"fa fa-check thim-primary-color\"><\/i>gro\u00dfe Au\u00dfenterrassen.\u00a0<\/li>\r\n \r\n<\/ul>\t\t\t\t<\/div>\n\t\t\t\t<\/div>\n\t\t\t\t\t<\/div>\n\t\t<\/div>\n\t\t\t\t\t<\/div>\n\t\t<\/section>\n\t\t\t\t<section class=\"elementor-section elementor-top-section elementor-element elementor-element-525100e elementor-section-stretched thim-image-carousel elementor-section-boxed elementor-section-height-default elementor-section-height-default\" data-id=\"525100e\" data-element_type=\"section\" data-settings=\"{&quot;stretch_section&quot;:&quot;section-stretched&quot;}\">\n\t\t\t\t\t\t<div class=\"elementor-container elementor-column-gap-default\">\n\t\t\t\t\t<div class=\"elementor-column elementor-col-100 elementor-top-column elementor-element elementor-element-6d9b6b4\" data-id=\"6d9b6b4\" data-element_type=\"column\">\n\t\t\t<div class=\"elementor-widget-wrap elementor-element-populated\">\n\t\t\t\t\t\t<div class=\"elementor-element elementor-element-363a421 elementor-arrows-position-inside elementor-widget elementor-widget-image-carousel\" data-id=\"363a421\" data-element_type=\"widget\" data-settings=\"{&quot;slides_to_show&quot;:&quot;2&quot;,&quot;navigation&quot;:&quot;arrows&quot;,&quot;autoplay&quot;:&quot;no&quot;,&quot;infinite&quot;:&quot;yes&quot;,&quot;speed&quot;:500}\" data-widget_type=\"image-carousel.default\">\n\t\t\t\t<div class=\"elementor-widget-container\">\n\t\t\t\t\t\t\t<div class=\"elementor-image-carousel-wrapper swiper\" role=\"region\" aria-roledescription=\"carousel\" aria-label=\"Bild Karussell\" dir=\"ltr\">\n\t\t\t<div class=\"elementor-image-carousel swiper-wrapper\" aria-live=\"polite\">\n\t\t\t\t\t\t\t\t<div class=\"swiper-slide\" role=\"group\" aria-roledescription=\"slide\" aria-label=\"1 von 10\"><figure class=\"swiper-slide-inner\"><img decoding=\"async\" class=\"swiper-slide-image\" src=\"https:\/\/lapinetahotel.info\/wp-content\/uploads\/2023\/02\/IMG20230130142400-1.jpg\" alt=\"IMG20230130142400\" \/><\/figure><\/div><div class=\"swiper-slide\" role=\"group\" aria-roledescription=\"slide\" aria-label=\"2 von 10\"><figure class=\"swiper-slide-inner\"><img decoding=\"async\" class=\"swiper-slide-image\" src=\"https:\/\/lapinetahotel.info\/wp-content\/uploads\/2023\/02\/IMG20230130142420-1.jpg\" alt=\"IMG20230130142420\" \/><\/figure><\/div><div class=\"swiper-slide\" role=\"group\" aria-roledescription=\"slide\" aria-label=\"3 von 10\"><figure class=\"swiper-slide-inner\"><img decoding=\"async\" class=\"swiper-slide-image\" src=\"https:\/\/lapinetahotel.info\/wp-content\/uploads\/2023\/02\/IMG20230130142434-1.jpg\" alt=\"IMG20230130142434\" \/><\/figure><\/div><div class=\"swiper-slide\" role=\"group\" aria-roledescription=\"slide\" aria-label=\"4 von 10\"><figure class=\"swiper-slide-inner\"><img decoding=\"async\" class=\"swiper-slide-image\" src=\"https:\/\/lapinetahotel.info\/wp-content\/uploads\/2023\/02\/IMG20230130142634-1.jpg\" alt=\"IMG20230130142634\" \/><\/figure><\/div><div class=\"swiper-slide\" role=\"group\" aria-roledescription=\"slide\" aria-label=\"5 von 10\"><figure class=\"swiper-slide-inner\"><img decoding=\"async\" class=\"swiper-slide-image\" src=\"https:\/\/lapinetahotel.info\/wp-content\/uploads\/2023\/02\/IMG20230130142837-1-1.jpg\" alt=\"IMG20230130142837 (1)\" \/><\/figure><\/div><div class=\"swiper-slide\" role=\"group\" aria-roledescription=\"slide\" aria-label=\"6 von 10\"><figure class=\"swiper-slide-inner\"><img decoding=\"async\" class=\"swiper-slide-image\" src=\"https:\/\/lapinetahotel.info\/wp-content\/uploads\/2023\/02\/IMG20230130142851-1.jpg\" alt=\"IMG20230130142851\" \/><\/figure><\/div><div class=\"swiper-slide\" role=\"group\" aria-roledescription=\"slide\" aria-label=\"7 von 10\"><figure class=\"swiper-slide-inner\"><img decoding=\"async\" class=\"swiper-slide-image\" src=\"https:\/\/lapinetahotel.info\/wp-content\/uploads\/2023\/02\/IMG20230130142936-1.jpg\" alt=\"IMG20230130142936\" \/><\/figure><\/div><div class=\"swiper-slide\" role=\"group\" aria-roledescription=\"slide\" aria-label=\"8 von 10\"><figure class=\"swiper-slide-inner\"><img decoding=\"async\" class=\"swiper-slide-image\" src=\"https:\/\/lapinetahotel.info\/wp-content\/uploads\/2023\/02\/IMG20230130142940-1.jpg\" alt=\"IMG20230130142940\" \/><\/figure><\/div><div class=\"swiper-slide\" role=\"group\" aria-roledescription=\"slide\" aria-label=\"9 von 10\"><figure class=\"swiper-slide-inner\"><img decoding=\"async\" class=\"swiper-slide-image\" src=\"https:\/\/lapinetahotel.info\/wp-content\/uploads\/2023\/02\/IMG_20230130_152318_964-1.jpg\" alt=\"IMG_20230130_152318_964\" \/><\/figure><\/div><div class=\"swiper-slide\" role=\"group\" aria-roledescription=\"slide\" aria-label=\"10 von 10\"><figure class=\"swiper-slide-inner\"><img decoding=\"async\" class=\"swiper-slide-image\" src=\"https:\/\/lapinetahotel.info\/wp-content\/uploads\/2023\/02\/IMG20230130142349-1.jpg\" alt=\"IMG20230130142349\" \/><\/figure><\/div>\t\t\t<\/div>\n\t\t\t\t\t\t\t\t\t\t\t\t<div class=\"elementor-swiper-button elementor-swiper-button-prev\" role=\"button\" tabindex=\"0\">\n\t\t\t\t\t\t<svg aria-hidden=\"true\" class=\"e-font-icon-svg e-eicon-chevron-left\" viewBox=\"0 0 1000 1000\" xmlns=\"http:\/\/www.w3.org\/2000\/svg\"><path d=\"M646 125C629 125 613 133 604 142L308 442C296 454 292 471 292 487 292 504 296 521 308 533L604 854C617 867 629 875 646 875 663 875 679 871 692 858 704 846 713 829 713 812 713 796 708 779 692 767L438 487 692 225C700 217 708 204 708 187 708 171 704 154 692 142 675 129 663 125 646 125Z\"><\/path><\/svg>\t\t\t\t\t<\/div>\n\t\t\t\t\t<div class=\"elementor-swiper-button elementor-swiper-button-next\" role=\"button\" tabindex=\"0\">\n\t\t\t\t\t\t<svg aria-hidden=\"true\" class=\"e-font-icon-svg e-eicon-chevron-right\" viewBox=\"0 0 1000 1000\" xmlns=\"http:\/\/www.w3.org\/2000\/svg\"><path d=\"M696 533C708 521 713 504 713 487 713 471 708 454 696 446L400 146C388 133 375 125 354 125 338 125 325 129 313 142 300 154 292 171 292 187 292 204 296 221 308 233L563 492 304 771C292 783 288 800 288 817 288 833 296 850 308 863 321 871 338 875 354 875 371 875 388 867 400 854L696 533Z\"><\/path><\/svg>\t\t\t\t\t<\/div>\n\t\t\t\t\n\t\t\t\t\t\t\t\t\t<\/div>\n\t\t\t\t\t\t<\/div>\n\t\t\t\t<\/div>\n\t\t\t\t\t<\/div>\n\t\t<\/div>\n\t\t\t\t\t<\/div>\n\t\t<\/section>\n\t\t\t\t<section class=\"elementor-section elementor-top-section elementor-element elementor-element-f103ba2 elementor-section-stretched elementor-section-boxed elementor-section-height-default elementor-section-height-default\" data-id=\"f103ba2\" data-element_type=\"section\" data-settings=\"{&quot;stretch_section&quot;:&quot;section-stretched&quot;}\">\n\t\t\t\t\t\t<div class=\"elementor-container elementor-column-gap-default\">\n\t\t\t\t\t<div class=\"elementor-column elementor-col-100 elementor-top-column elementor-element elementor-element-5152fb7\" data-id=\"5152fb7\" data-element_type=\"column\">\n\t\t\t<div class=\"elementor-widget-wrap elementor-element-populated\">\n\t\t\t\t\t\t<div class=\"elementor-element elementor-element-7b86bbb elementor-widget elementor-widget-thim-heading\" data-id=\"7b86bbb\" data-element_type=\"widget\" data-widget_type=\"thim-heading.default\">\n\t\t\t\t<div class=\"elementor-widget-container\">\n\t\t\t\t\t<div class=\"thim-widget-heading template-default\"><div class=\"thim-sc-heading\" >\n\t\t<div class=\"article_heading \">\n\t\t\t<h2  class=\"heading_secondary\">PREZZI<\/h2>\n\t\t\t<p class=\"heading_primary\"  >TERMINI E CONDIZIONI<\/p>\n\t\t\t\n\t\t\t\n\t\t<\/div>\n\t<\/div><\/div>\t\t\t\t<\/div>\n\t\t\t\t<\/div>\n\t\t\t\t\t<\/div>\n\t\t<\/div>\n\t\t\t\t\t<\/div>\n\t\t<\/section>\n\t\t\t\t<section class=\"elementor-section elementor-top-section elementor-element elementor-element-2e93eeb elementor-section-stretched elementor-section-boxed elementor-section-height-default elementor-section-height-default\" data-id=\"2e93eeb\" data-element_type=\"section\" data-settings=\"{&quot;stretch_section&quot;:&quot;section-stretched&quot;}\">\n\t\t\t\t\t\t<div class=\"elementor-container elementor-column-gap-default\">\n\t\t\t\t\t<div class=\"elementor-column elementor-col-50 elementor-top-column elementor-element elementor-element-26c298f\" data-id=\"26c298f\" data-element_type=\"column\">\n\t\t\t<div class=\"elementor-widget-wrap elementor-element-populated\">\n\t\t\t\t\t\t<div class=\"elementor-element elementor-element-af3b281 elementor-widget elementor-widget-html\" data-id=\"af3b281\" data-element_type=\"widget\" data-widget_type=\"html.default\">\n\t\t\t\t<div class=\"elementor-widget-container\">\n\t\t\t\t\t<h4>Informiamo inoltre la gentile clientela che per i termini di disdetta sono i seguenti:<\/h4>\r\n<ul class=\"thim-list\" style=\"font-size: 20px; line-height: 27px; font-weight: 400;\">\r\n \t<li><i class=\"fa fa-check thim-primary-color\"><\/i>disdetta fino ad una settimana prima dell'arrivo: gratuito<\/li>\r\n\t<li><i class=\"fa fa-check thim-primary-color\"><\/i>disdetta fino ad un giorno prima dell'arrivo: pagamento della prima notte.<\/li>\r\n\t<li><i class=\"fa fa-check thim-primary-color\"><\/i>se il cliente non si presenta dovr\u00e0 saldare l'importo dell'intero soggiorno.<\/li>\r\n\r\n \r\n<\/ul>\t\t\t\t<\/div>\n\t\t\t\t<\/div>\n\t\t\t\t\t<\/div>\n\t\t<\/div>\n\t\t\t\t<div class=\"elementor-column elementor-col-50 elementor-top-column elementor-element elementor-element-26a4d55\" data-id=\"26a4d55\" data-element_type=\"column\">\n\t\t\t<div class=\"elementor-widget-wrap elementor-element-populated\">\n\t\t\t\t\t\t<div class=\"elementor-element elementor-element-7c28c5e elementor-widget elementor-widget-html\" data-id=\"7c28c5e\" data-element_type=\"widget\" data-widget_type=\"html.default\">\n\t\t\t\t<div class=\"elementor-widget-container\">\n\t\t\t\t\t<ul class=\"thim-list\" style=\"font-size: 20px; line-height: 27px; font-weight: 400;\">\r\n \t<li><i class=\"fa fa-check thim-primary-color\"><\/i>I dati per effettuare il pagamento saranno forniti dalla nostra segreteria e la transazione dovr\u00e0 essere effettuata entro 7 giorni dalla comunicazione.\r\n<\/li>\t<li><i class=\"fa fa-check thim-primary-color\"><\/i>\r\nSi ricorda che prenotazioni effettuate al telefono, via fax oppure e-mail, sono di fatto vincolanti ai termini sopra riportati.\r\n<\/li>\t<li><i class=\"fa fa-check thim-primary-color\"><\/i>\r\nLa direzione si riserva la possibilit\u00e0 di chiedere una caparra nei termini che verranno indicati nella conferma della prenotazione.<\/li>\r\n \t\r\n<\/ul>\t\t\t\t<\/div>\n\t\t\t\t<\/div>\n\t\t\t\t\t<\/div>\n\t\t<\/div>\n\t\t\t\t\t<\/div>\n\t\t<\/section>\n\t\t\t\t<\/div>\n\t\t","protected":false},"excerpt":{"rendered":"<p>ZIMMER COMFORT UND SERVICES Die Zimmer sind komfortabel ausgestattet. Internet wi-fi frei in Zimmer und in Rastaurant und ZDF channel Safe, F\u00f6n, Sat- und Digital-TV Balkon oder Terrasse mit Panoramablick. Das Hotel ist ausgestattet mit: solarium kleiner Spielplatz f\u00fcr Kinder gro\u00dfe Au\u00dfenterrassen. Precedente Successivo PREZZI TERMINI E CONDIZIONI Informiamo inoltre&#8230;<\/p>\n","protected":false},"author":1,"featured_media":0,"parent":0,"menu_order":0,"comment_status":"closed","ping_status":"closed","template":"","meta":{"footnotes":""},"class_list":["post-11293","page","type-page","status-publish","hentry"],"yoast_head":"<!-- This site is optimized with the Yoast SEO plugin v26.8 - https:\/\/yoast.com\/product\/yoast-seo-wordpress\/ -->\n<title>Zimmer - La Pineta Hotel<\/title>\n<meta name=\"robots\" content=\"index, follow, max-snippet:-1, max-image-preview:large, max-video-preview:-1\" \/>\n<link rel=\"canonical\" href=\"https:\/\/lapinetahotel.info\/de\/camere\/\" \/>\n<meta property=\"og:locale\" content=\"de_DE\" \/>\n<meta property=\"og:type\" content=\"article\" \/>\n<meta property=\"og:title\" content=\"Zimmer - La Pineta Hotel\" \/>\n<meta property=\"og:description\" content=\"ZIMMER COMFORT UND SERVICES Die Zimmer sind komfortabel ausgestattet. Internet wi-fi frei in Zimmer und in Rastaurant und ZDF channel Safe, F\u00f6n, Sat- und Digital-TV Balkon oder Terrasse mit Panoramablick. Das Hotel ist ausgestattet mit: solarium kleiner Spielplatz f\u00fcr Kinder gro\u00dfe Au\u00dfenterrassen. Precedente Successivo PREZZI TERMINI E CONDIZIONI Informiamo inoltre...\" \/>\n<meta property=\"og:url\" content=\"https:\/\/lapinetahotel.info\/de\/camere\/\" \/>\n<meta property=\"og:site_name\" content=\"La Pineta Hotel\" \/>\n<meta property=\"article:modified_time\" content=\"2023-03-24T10:20:23+00:00\" \/>\n<meta property=\"og:image\" content=\"https:\/\/lapinetahotel.info\/wp-content\/uploads\/2023\/02\/IMG20230130142400-1.jpg\" \/>\n<meta name=\"twitter:card\" content=\"summary_large_image\" \/>\n<meta name=\"twitter:label1\" content=\"Gesch\u00e4tzte Lesezeit\" \/>\n\t<meta name=\"twitter:data1\" content=\"1\u00a0Minute\" \/>\n<script type=\"application\/ld+json\" class=\"yoast-schema-graph\">{\"@context\":\"https:\/\/schema.org\",\"@graph\":[{\"@type\":\"WebPage\",\"@id\":\"https:\/\/lapinetahotel.info\/de\/camere\/\",\"url\":\"https:\/\/lapinetahotel.info\/de\/camere\/\",\"name\":\"Zimmer - La Pineta Hotel\",\"isPartOf\":{\"@id\":\"https:\/\/lapinetahotel.info\/#website\"},\"primaryImageOfPage\":{\"@id\":\"https:\/\/lapinetahotel.info\/de\/camere\/#primaryimage\"},\"image\":{\"@id\":\"https:\/\/lapinetahotel.info\/de\/camere\/#primaryimage\"},\"thumbnailUrl\":\"https:\/\/lapinetahotel.info\/wp-content\/uploads\/2023\/02\/IMG20230130142400-1.jpg\",\"datePublished\":\"2023-02-06T07:18:28+00:00\",\"dateModified\":\"2023-03-24T10:20:23+00:00\",\"breadcrumb\":{\"@id\":\"https:\/\/lapinetahotel.info\/de\/camere\/#breadcrumb\"},\"inLanguage\":\"de\",\"potentialAction\":[{\"@type\":\"ReadAction\",\"target\":[\"https:\/\/lapinetahotel.info\/de\/camere\/\"]}]},{\"@type\":\"ImageObject\",\"inLanguage\":\"de\",\"@id\":\"https:\/\/lapinetahotel.info\/de\/camere\/#primaryimage\",\"url\":\"https:\/\/lapinetahotel.info\/wp-content\/uploads\/2023\/02\/IMG20230130142400-1.jpg\",\"contentUrl\":\"https:\/\/lapinetahotel.info\/wp-content\/uploads\/2023\/02\/IMG20230130142400-1.jpg\"},{\"@type\":\"BreadcrumbList\",\"@id\":\"https:\/\/lapinetahotel.info\/de\/camere\/#breadcrumb\",\"itemListElement\":[{\"@type\":\"ListItem\",\"position\":1,\"name\":\"Home\",\"item\":\"https:\/\/lapinetahotel.info\/de\/\"},{\"@type\":\"ListItem\",\"position\":2,\"name\":\"Zimmer\"}]},{\"@type\":\"WebSite\",\"@id\":\"https:\/\/lapinetahotel.info\/#website\",\"url\":\"https:\/\/lapinetahotel.info\/\",\"name\":\"La Pineta Hotel\",\"description\":\"\",\"potentialAction\":[{\"@type\":\"SearchAction\",\"target\":{\"@type\":\"EntryPoint\",\"urlTemplate\":\"https:\/\/lapinetahotel.info\/?s={search_term_string}\"},\"query-input\":{\"@type\":\"PropertyValueSpecification\",\"valueRequired\":true,\"valueName\":\"search_term_string\"}}],\"inLanguage\":\"de\"}]}<\/script>\n<!-- \/ Yoast SEO plugin. -->","yoast_head_json":{"title":"Zimmer - La Pineta Hotel","robots":{"index":"index","follow":"follow","max-snippet":"max-snippet:-1","max-image-preview":"max-image-preview:large","max-video-preview":"max-video-preview:-1"},"canonical":"https:\/\/lapinetahotel.info\/de\/camere\/","og_locale":"de_DE","og_type":"article","og_title":"Zimmer - La Pineta Hotel","og_description":"ZIMMER COMFORT UND SERVICES Die Zimmer sind komfortabel ausgestattet. Internet wi-fi frei in Zimmer und in Rastaurant und ZDF channel Safe, F\u00f6n, Sat- und Digital-TV Balkon oder Terrasse mit Panoramablick. Das Hotel ist ausgestattet mit: solarium kleiner Spielplatz f\u00fcr Kinder gro\u00dfe Au\u00dfenterrassen. Precedente Successivo PREZZI TERMINI E CONDIZIONI Informiamo inoltre...","og_url":"https:\/\/lapinetahotel.info\/de\/camere\/","og_site_name":"La Pineta Hotel","article_modified_time":"2023-03-24T10:20:23+00:00","og_image":[{"url":"https:\/\/lapinetahotel.info\/wp-content\/uploads\/2023\/02\/IMG20230130142400-1.jpg","type":"","width":"","height":""}],"twitter_card":"summary_large_image","twitter_misc":{"Gesch\u00e4tzte Lesezeit":"1\u00a0Minute"},"schema":{"@context":"https:\/\/schema.org","@graph":[{"@type":"WebPage","@id":"https:\/\/lapinetahotel.info\/de\/camere\/","url":"https:\/\/lapinetahotel.info\/de\/camere\/","name":"Zimmer - La Pineta Hotel","isPartOf":{"@id":"https:\/\/lapinetahotel.info\/#website"},"primaryImageOfPage":{"@id":"https:\/\/lapinetahotel.info\/de\/camere\/#primaryimage"},"image":{"@id":"https:\/\/lapinetahotel.info\/de\/camere\/#primaryimage"},"thumbnailUrl":"https:\/\/lapinetahotel.info\/wp-content\/uploads\/2023\/02\/IMG20230130142400-1.jpg","datePublished":"2023-02-06T07:18:28+00:00","dateModified":"2023-03-24T10:20:23+00:00","breadcrumb":{"@id":"https:\/\/lapinetahotel.info\/de\/camere\/#breadcrumb"},"inLanguage":"de","potentialAction":[{"@type":"ReadAction","target":["https:\/\/lapinetahotel.info\/de\/camere\/"]}]},{"@type":"ImageObject","inLanguage":"de","@id":"https:\/\/lapinetahotel.info\/de\/camere\/#primaryimage","url":"https:\/\/lapinetahotel.info\/wp-content\/uploads\/2023\/02\/IMG20230130142400-1.jpg","contentUrl":"https:\/\/lapinetahotel.info\/wp-content\/uploads\/2023\/02\/IMG20230130142400-1.jpg"},{"@type":"BreadcrumbList","@id":"https:\/\/lapinetahotel.info\/de\/camere\/#breadcrumb","itemListElement":[{"@type":"ListItem","position":1,"name":"Home","item":"https:\/\/lapinetahotel.info\/de\/"},{"@type":"ListItem","position":2,"name":"Zimmer"}]},{"@type":"WebSite","@id":"https:\/\/lapinetahotel.info\/#website","url":"https:\/\/lapinetahotel.info\/","name":"La Pineta Hotel","description":"","potentialAction":[{"@type":"SearchAction","target":{"@type":"EntryPoint","urlTemplate":"https:\/\/lapinetahotel.info\/?s={search_term_string}"},"query-input":{"@type":"PropertyValueSpecification","valueRequired":true,"valueName":"search_term_string"}}],"inLanguage":"de"}]}},"_links":{"self":[{"href":"https:\/\/lapinetahotel.info\/de\/wp-json\/wp\/v2\/pages\/11293","targetHints":{"allow":["GET"]}}],"collection":[{"href":"https:\/\/lapinetahotel.info\/de\/wp-json\/wp\/v2\/pages"}],"about":[{"href":"https:\/\/lapinetahotel.info\/de\/wp-json\/wp\/v2\/types\/page"}],"author":[{"embeddable":true,"href":"https:\/\/lapinetahotel.info\/de\/wp-json\/wp\/v2\/users\/1"}],"replies":[{"embeddable":true,"href":"https:\/\/lapinetahotel.info\/de\/wp-json\/wp\/v2\/comments?post=11293"}],"version-history":[{"count":5,"href":"https:\/\/lapinetahotel.info\/de\/wp-json\/wp\/v2\/pages\/11293\/revisions"}],"predecessor-version":[{"id":11419,"href":"https:\/\/lapinetahotel.info\/de\/wp-json\/wp\/v2\/pages\/11293\/revisions\/11419"}],"wp:attachment":[{"href":"https:\/\/lapinetahotel.info\/de\/wp-json\/wp\/v2\/media?parent=11293"}],"curies":[{"name":"wp","href":"https:\/\/api.w.org\/{rel}","templated":true}]}}