{"id":11295,"date":"2019-06-08T08:52:57","date_gmt":"2019-06-08T08:52:57","guid":{"rendered":"https:\/\/lapinetahotel.info\/contatti\/"},"modified":"2023-03-24T10:19:09","modified_gmt":"2023-03-24T10:19:09","slug":"contatti","status":"publish","type":"page","link":"https:\/\/lapinetahotel.info\/de\/contatti\/","title":{"rendered":"Kontakt Us"},"content":{"rendered":"\t\t<div data-elementor-type=\"wp-post\" data-elementor-id=\"11295\" class=\"elementor elementor-11295 elementor-3815\">\n\t\t\t\t\t\t<section class=\"elementor-section elementor-top-section elementor-element elementor-element-d20a601 elementor-section-stretched elementor-section-boxed elementor-section-height-default elementor-section-height-default\" data-id=\"d20a601\" data-element_type=\"section\" data-settings=\"{&quot;stretch_section&quot;:&quot;section-stretched&quot;}\">\n\t\t\t\t\t\t<div class=\"elementor-container elementor-column-gap-default\">\n\t\t\t\t\t<div class=\"elementor-column elementor-col-50 elementor-top-column elementor-element elementor-element-78e2492\" data-id=\"78e2492\" data-element_type=\"column\">\n\t\t\t<div class=\"elementor-widget-wrap elementor-element-populated\">\n\t\t\t\t\t\t<div class=\"elementor-element elementor-element-320d768 elementor-widget elementor-widget-thim-heading\" data-id=\"320d768\" data-element_type=\"widget\" data-widget_type=\"thim-heading.default\">\n\t\t\t\t<div class=\"elementor-widget-container\">\n\t\t\t\t\t<div class=\"thim-widget-heading template-default\"><div class=\"thim-sc-heading\" >\n\t\t<div class=\"article_heading \">\n\t\t\t<h2  class=\"heading_secondary\">KONTAKT US<\/h2>\n\t\t\t<p class=\"heading_primary\"  >schicken wir Ihnen gerne unser Urlaubsangebot zu!<\/p>\n\t\t\t<div class=\"heading-des\">Kontaktieren Sie uns f\u00fcr ein individuelles Angebot f\u00fcr Ihren Urlaub oder auch f\u00fcr Kurzaufenthalte....<\/div>\n\t\t\t\n\t\t<\/div>\n\t<\/div><\/div>\t\t\t\t<\/div>\n\t\t\t\t<\/div>\n\t\t\t\t<div class=\"elementor-element elementor-element-2e1a69c elementor-widget elementor-widget-shortcode\" data-id=\"2e1a69c\" data-element_type=\"widget\" data-widget_type=\"shortcode.default\">\n\t\t\t\t<div class=\"elementor-widget-container\">\n\t\t\t\t\t\t\t<div class=\"elementor-shortcode\">\n<div class=\"wpcf7 no-js\" id=\"wpcf7-f11410-o1\" lang=\"de-DE\" dir=\"ltr\" data-wpcf7-id=\"11410\">\n<div class=\"screen-reader-response\"><p role=\"status\" aria-live=\"polite\" aria-atomic=\"true\"><\/p> <ul><\/ul><\/div>\n<form action=\"\/de\/wp-json\/wp\/v2\/pages\/11295#wpcf7-f11410-o1\" method=\"post\" class=\"wpcf7-form init\" aria-label=\"Kontaktformular\" novalidate=\"novalidate\" data-status=\"init\">\n<fieldset class=\"hidden-fields-container\"><input type=\"hidden\" name=\"_wpcf7\" value=\"11410\" \/><input type=\"hidden\" name=\"_wpcf7_version\" value=\"6.1.5\" \/><input type=\"hidden\" name=\"_wpcf7_locale\" value=\"de_DE\" \/><input type=\"hidden\" name=\"_wpcf7_unit_tag\" value=\"wpcf7-f11410-o1\" \/><input type=\"hidden\" name=\"_wpcf7_container_post\" value=\"0\" \/><input type=\"hidden\" name=\"_wpcf7_posted_data_hash\" value=\"\" \/><input type=\"hidden\" name=\"_wpcf7_recaptcha_response\" value=\"\" \/>\n<\/fieldset>\n<p><span class=\"wpcf7-form-control-wrap\" data-name=\"your-name\"><input size=\"40\" maxlength=\"400\" class=\"wpcf7-form-control wpcf7-text wpcf7-validates-as-required\" aria-required=\"true\" aria-invalid=\"false\" placeholder=\"Name und Nachname *\" value=\"\" type=\"text\" name=\"your-name\" \/><\/span>\n<\/p>\n<p><span class=\"wpcf7-form-control-wrap\" data-name=\"your-email\"><input size=\"40\" maxlength=\"400\" class=\"wpcf7-form-control wpcf7-email wpcf7-validates-as-required wpcf7-text wpcf7-validates-as-email\" aria-required=\"true\" aria-invalid=\"false\" placeholder=\"E-Mail *\" value=\"\" type=\"email\" name=\"your-email\" \/><\/span>\n<\/p>\n<p><span class=\"wpcf7-form-control-wrap\" data-name=\"your-phone\"><input size=\"40\" maxlength=\"400\" class=\"wpcf7-form-control wpcf7-tel wpcf7-text wpcf7-validates-as-tel\" aria-invalid=\"false\" placeholder=\"Telefonnummer\" value=\"\" type=\"tel\" name=\"your-phone\" \/><\/span>\n<\/p>\n<p><span class=\"wpcf7-form-control-wrap\" data-name=\"your-message\"><textarea cols=\"40\" rows=\"10\" maxlength=\"2000\" class=\"wpcf7-form-control wpcf7-textarea wpcf7-validates-as-required\" aria-required=\"true\" aria-invalid=\"false\" placeholder=\"Ihre Nachricht *\" name=\"your-message\"><\/textarea><\/span>\n<\/p>\n<p><span class=\"wpcf7-form-control-wrap\" data-name=\"acceptance-896\"><span class=\"wpcf7-form-control wpcf7-acceptance\"><span class=\"wpcf7-list-item\"><label><input type=\"checkbox\" name=\"acceptance-896\" value=\"1\" aria-invalid=\"false\" \/><span class=\"wpcf7-list-item-label\">Nach und f\u00fcr die Zwecke der Artikel 6, 13 e 15 of EU-Verordnung 2016\/679, erkl\u00e4re ich das Ziel <a href=\"\/de\/privacy-policy\/\" target=\"_blank\">Informationen<\/a> f\u00fcr die Verarbeitung personenbezogener Daten.<\/span><\/label><\/span><\/span><\/span>\n<\/p>\n<p>\n<span class=\"wpcf7-form-control-wrap recaptcha\" data-name=\"recaptcha\"><span data-sitekey=\"6Ldqc4MlAAAAAKHjoLFzbJSELNz8t3viGv_agvQK\" class=\"wpcf7-form-control wpcf7-recaptcha g-recaptcha\"><\/span>\r\n<noscript>\r\n\t<div class=\"grecaptcha-noscript\">\r\n\t\t<iframe src=\"https:\/\/www.google.com\/recaptcha\/api\/fallback?k=6Ldqc4MlAAAAAKHjoLFzbJSELNz8t3viGv_agvQK\" frameborder=\"0\" scrolling=\"no\" width=\"310\" height=\"430\">\r\n\t\t<\/iframe>\r\n\t\t<textarea name=\"g-recaptcha-response\" rows=\"3\" cols=\"40\" placeholder=\"reCaptcha Response Here\">\r\n\t\t<\/textarea>\r\n\t<\/div>\r\n<\/noscript>\r\n<\/span>\n<\/p>\n<p><input class=\"wpcf7-form-control wpcf7-submit has-spinner\" type=\"submit\" value=\"SENDEN\" \/>\n<\/p><div class=\"wpcf7-response-output\" aria-hidden=\"true\"><\/div>\n<\/form>\n<\/div>\n<\/div>\n\t\t\t\t\t\t<\/div>\n\t\t\t\t<\/div>\n\t\t\t\t\t<\/div>\n\t\t<\/div>\n\t\t\t\t<div class=\"elementor-column elementor-col-50 elementor-top-column elementor-element elementor-element-a31a0f2\" data-id=\"a31a0f2\" data-element_type=\"column\">\n\t\t\t<div class=\"elementor-widget-wrap elementor-element-populated\">\n\t\t\t\t\t\t<div class=\"elementor-element elementor-element-2c67496 elementor-widget elementor-widget-html\" data-id=\"2c67496\" data-element_type=\"widget\" data-widget_type=\"html.default\">\n\t\t\t\t<div class=\"elementor-widget-container\">\n\t\t\t\t\t<div class=\"contact-address\"><i class=\"las la-location-arrow\"><\/i><p><\/p>\r\n<div class=\"text\">Localit\u00e0 Pineta, 38075 Fiav\u00e8 TN<\/div>\r\n<\/div>\r\n<div class=\"contact-phone\"><i class=\"las la-phone\"><\/i><a href=\"tel:01794340979\">TEL: 0465 735046<\/a><\/div>\r\n<div class=\"contact-email\"><i class=\"las la-envelope\"><\/i><a href=\"mailto:info@thimpress.com\">Email: info@lapinetahotel.info<\/a><\/div>\r\n\r\n\r\n\r\n\r\n\r\n\t\t\t\t<\/div>\n\t\t\t\t<\/div>\n\t\t\t\t<div class=\"elementor-element elementor-element-fd2ec3b elementor-widget elementor-widget-image\" data-id=\"fd2ec3b\" data-element_type=\"widget\" data-widget_type=\"image.default\">\n\t\t\t\t<div class=\"elementor-widget-container\">\n\t\t\t\t\t\t\t\t\t\t\t\t\t\t\t<img fetchpriority=\"high\" decoding=\"async\" width=\"285\" height=\"370\" src=\"https:\/\/lapinetahotel.info\/wp-content\/uploads\/2023\/02\/ristorante2.jpg\" class=\"attachment-full size-full wp-image-11065\" alt=\"\" srcset=\"https:\/\/lapinetahotel.info\/wp-content\/uploads\/2023\/02\/ristorante2.jpg 285w, https:\/\/lapinetahotel.info\/wp-content\/uploads\/2023\/02\/ristorante2-231x300.jpg 231w\" sizes=\"(max-width: 285px) 100vw, 285px\" \/>\t\t\t\t\t\t\t\t\t\t\t\t\t\t\t<\/div>\n\t\t\t\t<\/div>\n\t\t\t\t\t<\/div>\n\t\t<\/div>\n\t\t\t\t\t<\/div>\n\t\t<\/section>\n\t\t\t\t<section class=\"elementor-section elementor-top-section elementor-element elementor-element-6a815f9 elementor-section-stretched elementor-section-full_width elementor-section-height-default elementor-section-height-default\" data-id=\"6a815f9\" data-element_type=\"section\" data-settings=\"{&quot;stretch_section&quot;:&quot;section-stretched&quot;}\">\n\t\t\t\t\t\t<div class=\"elementor-container elementor-column-gap-default\">\n\t\t\t\t\t<div class=\"elementor-column elementor-col-100 elementor-top-column elementor-element elementor-element-2ddaebc\" data-id=\"2ddaebc\" data-element_type=\"column\">\n\t\t\t<div class=\"elementor-widget-wrap elementor-element-populated\">\n\t\t\t\t\t\t<div class=\"elementor-element elementor-element-a5c5ffc elementor-widget elementor-widget-thim-google-map\" data-id=\"a5c5ffc\" data-element_type=\"widget\" data-widget_type=\"thim-google-map.default\">\n\t\t\t\t<div class=\"elementor-widget-container\">\n\t\t\t\t\t<div class=\"thim-widget-google-map template-default\"><div class=\"thim-map-iframe\" style =\"height: 665px\"><iframe frameborder=\"0\" scrolling=\"no\" marginheight=\"0\" marginwidth=\"0\" src=\"https:\/\/maps.google.com\/maps?q=Localit%C3%A0%20Pineta%2C%2038075%20Fiav%C3%A8%20TN&amp;t=m&amp;z=12&amp;output=embed&amp;iwloc=near\" title=\"Localit\u00e0 Pineta, 38075 Fiav\u00e8 TN\" aria-label=\"Localit\u00e0 Pineta, 38075 Fiav\u00e8 TN\"><\/iframe><\/div><\/div>\t\t\t\t<\/div>\n\t\t\t\t<\/div>\n\t\t\t\t\t<\/div>\n\t\t<\/div>\n\t\t\t\t\t<\/div>\n\t\t<\/section>\n\t\t\t\t<\/div>\n\t\t","protected":false},"excerpt":{"rendered":"<p>KONTAKT US schicken wir Ihnen gerne unser Urlaubsangebot zu! Kontaktieren Sie uns f\u00fcr ein individuelles Angebot f\u00fcr Ihren Urlaub oder auch f\u00fcr Kurzaufenthalte&#8230;. Localit\u00e0 Pineta, 38075 Fiav\u00e8 TN TEL: 0465 735046 Email: info@lapinetahotel.info<\/p>\n","protected":false},"author":1,"featured_media":0,"parent":0,"menu_order":0,"comment_status":"closed","ping_status":"closed","template":"","meta":{"footnotes":""},"class_list":["post-11295","page","type-page","status-publish","hentry"],"yoast_head":"<!-- This site is optimized with the Yoast SEO plugin v26.8 - https:\/\/yoast.com\/product\/yoast-seo-wordpress\/ -->\n<title>Kontakt Us - La Pineta Hotel<\/title>\n<meta name=\"robots\" content=\"index, follow, max-snippet:-1, max-image-preview:large, max-video-preview:-1\" \/>\n<link rel=\"canonical\" href=\"https:\/\/lapinetahotel.info\/de\/contatti\/\" \/>\n<meta property=\"og:locale\" content=\"de_DE\" \/>\n<meta property=\"og:type\" content=\"article\" \/>\n<meta property=\"og:title\" content=\"Kontakt Us - La Pineta Hotel\" \/>\n<meta property=\"og:description\" content=\"KONTAKT US schicken wir Ihnen gerne unser Urlaubsangebot zu! Kontaktieren Sie uns f\u00fcr ein individuelles Angebot f\u00fcr Ihren Urlaub oder auch f\u00fcr Kurzaufenthalte&#8230;. Localit\u00e0 Pineta, 38075 Fiav\u00e8 TN TEL: 0465 735046 Email: info@lapinetahotel.info\" \/>\n<meta property=\"og:url\" content=\"https:\/\/lapinetahotel.info\/de\/contatti\/\" \/>\n<meta property=\"og:site_name\" content=\"La Pineta Hotel\" \/>\n<meta property=\"article:modified_time\" content=\"2023-03-24T10:19:09+00:00\" \/>\n<meta property=\"og:image\" content=\"https:\/\/lapinetahotel.info\/wp-content\/uploads\/2023\/02\/ristorante2.jpg\" \/>\n<meta name=\"twitter:card\" content=\"summary_large_image\" \/>\n<script type=\"application\/ld+json\" class=\"yoast-schema-graph\">{\"@context\":\"https:\/\/schema.org\",\"@graph\":[{\"@type\":\"WebPage\",\"@id\":\"https:\/\/lapinetahotel.info\/de\/contatti\/\",\"url\":\"https:\/\/lapinetahotel.info\/de\/contatti\/\",\"name\":\"Kontakt Us - La Pineta Hotel\",\"isPartOf\":{\"@id\":\"https:\/\/lapinetahotel.info\/#website\"},\"primaryImageOfPage\":{\"@id\":\"https:\/\/lapinetahotel.info\/de\/contatti\/#primaryimage\"},\"image\":{\"@id\":\"https:\/\/lapinetahotel.info\/de\/contatti\/#primaryimage\"},\"thumbnailUrl\":\"https:\/\/lapinetahotel.info\/wp-content\/uploads\/2023\/02\/ristorante2.jpg\",\"datePublished\":\"2019-06-08T08:52:57+00:00\",\"dateModified\":\"2023-03-24T10:19:09+00:00\",\"breadcrumb\":{\"@id\":\"https:\/\/lapinetahotel.info\/de\/contatti\/#breadcrumb\"},\"inLanguage\":\"de\",\"potentialAction\":[{\"@type\":\"ReadAction\",\"target\":[\"https:\/\/lapinetahotel.info\/de\/contatti\/\"]}]},{\"@type\":\"ImageObject\",\"inLanguage\":\"de\",\"@id\":\"https:\/\/lapinetahotel.info\/de\/contatti\/#primaryimage\",\"url\":\"https:\/\/lapinetahotel.info\/wp-content\/uploads\/2023\/02\/ristorante2.jpg\",\"contentUrl\":\"https:\/\/lapinetahotel.info\/wp-content\/uploads\/2023\/02\/ristorante2.jpg\"},{\"@type\":\"BreadcrumbList\",\"@id\":\"https:\/\/lapinetahotel.info\/de\/contatti\/#breadcrumb\",\"itemListElement\":[{\"@type\":\"ListItem\",\"position\":1,\"name\":\"Home\",\"item\":\"https:\/\/lapinetahotel.info\/de\/\"},{\"@type\":\"ListItem\",\"position\":2,\"name\":\"Kontakt Us\"}]},{\"@type\":\"WebSite\",\"@id\":\"https:\/\/lapinetahotel.info\/#website\",\"url\":\"https:\/\/lapinetahotel.info\/\",\"name\":\"La Pineta Hotel\",\"description\":\"\",\"potentialAction\":[{\"@type\":\"SearchAction\",\"target\":{\"@type\":\"EntryPoint\",\"urlTemplate\":\"https:\/\/lapinetahotel.info\/?s={search_term_string}\"},\"query-input\":{\"@type\":\"PropertyValueSpecification\",\"valueRequired\":true,\"valueName\":\"search_term_string\"}}],\"inLanguage\":\"de\"}]}<\/script>\n<!-- \/ Yoast SEO plugin. -->","yoast_head_json":{"title":"Kontakt Us - La Pineta Hotel","robots":{"index":"index","follow":"follow","max-snippet":"max-snippet:-1","max-image-preview":"max-image-preview:large","max-video-preview":"max-video-preview:-1"},"canonical":"https:\/\/lapinetahotel.info\/de\/contatti\/","og_locale":"de_DE","og_type":"article","og_title":"Kontakt Us - La Pineta Hotel","og_description":"KONTAKT US schicken wir Ihnen gerne unser Urlaubsangebot zu! Kontaktieren Sie uns f\u00fcr ein individuelles Angebot f\u00fcr Ihren Urlaub oder auch f\u00fcr Kurzaufenthalte&#8230;. Localit\u00e0 Pineta, 38075 Fiav\u00e8 TN TEL: 0465 735046 Email: info@lapinetahotel.info","og_url":"https:\/\/lapinetahotel.info\/de\/contatti\/","og_site_name":"La Pineta Hotel","article_modified_time":"2023-03-24T10:19:09+00:00","og_image":[{"url":"https:\/\/lapinetahotel.info\/wp-content\/uploads\/2023\/02\/ristorante2.jpg","type":"","width":"","height":""}],"twitter_card":"summary_large_image","schema":{"@context":"https:\/\/schema.org","@graph":[{"@type":"WebPage","@id":"https:\/\/lapinetahotel.info\/de\/contatti\/","url":"https:\/\/lapinetahotel.info\/de\/contatti\/","name":"Kontakt Us - La Pineta Hotel","isPartOf":{"@id":"https:\/\/lapinetahotel.info\/#website"},"primaryImageOfPage":{"@id":"https:\/\/lapinetahotel.info\/de\/contatti\/#primaryimage"},"image":{"@id":"https:\/\/lapinetahotel.info\/de\/contatti\/#primaryimage"},"thumbnailUrl":"https:\/\/lapinetahotel.info\/wp-content\/uploads\/2023\/02\/ristorante2.jpg","datePublished":"2019-06-08T08:52:57+00:00","dateModified":"2023-03-24T10:19:09+00:00","breadcrumb":{"@id":"https:\/\/lapinetahotel.info\/de\/contatti\/#breadcrumb"},"inLanguage":"de","potentialAction":[{"@type":"ReadAction","target":["https:\/\/lapinetahotel.info\/de\/contatti\/"]}]},{"@type":"ImageObject","inLanguage":"de","@id":"https:\/\/lapinetahotel.info\/de\/contatti\/#primaryimage","url":"https:\/\/lapinetahotel.info\/wp-content\/uploads\/2023\/02\/ristorante2.jpg","contentUrl":"https:\/\/lapinetahotel.info\/wp-content\/uploads\/2023\/02\/ristorante2.jpg"},{"@type":"BreadcrumbList","@id":"https:\/\/lapinetahotel.info\/de\/contatti\/#breadcrumb","itemListElement":[{"@type":"ListItem","position":1,"name":"Home","item":"https:\/\/lapinetahotel.info\/de\/"},{"@type":"ListItem","position":2,"name":"Kontakt Us"}]},{"@type":"WebSite","@id":"https:\/\/lapinetahotel.info\/#website","url":"https:\/\/lapinetahotel.info\/","name":"La Pineta Hotel","description":"","potentialAction":[{"@type":"SearchAction","target":{"@type":"EntryPoint","urlTemplate":"https:\/\/lapinetahotel.info\/?s={search_term_string}"},"query-input":{"@type":"PropertyValueSpecification","valueRequired":true,"valueName":"search_term_string"}}],"inLanguage":"de"}]}},"_links":{"self":[{"href":"https:\/\/lapinetahotel.info\/de\/wp-json\/wp\/v2\/pages\/11295","targetHints":{"allow":["GET"]}}],"collection":[{"href":"https:\/\/lapinetahotel.info\/de\/wp-json\/wp\/v2\/pages"}],"about":[{"href":"https:\/\/lapinetahotel.info\/de\/wp-json\/wp\/v2\/types\/page"}],"author":[{"embeddable":true,"href":"https:\/\/lapinetahotel.info\/de\/wp-json\/wp\/v2\/users\/1"}],"replies":[{"embeddable":true,"href":"https:\/\/lapinetahotel.info\/de\/wp-json\/wp\/v2\/comments?post=11295"}],"version-history":[{"count":10,"href":"https:\/\/lapinetahotel.info\/de\/wp-json\/wp\/v2\/pages\/11295\/revisions"}],"predecessor-version":[{"id":11418,"href":"https:\/\/lapinetahotel.info\/de\/wp-json\/wp\/v2\/pages\/11295\/revisions\/11418"}],"wp:attachment":[{"href":"https:\/\/lapinetahotel.info\/de\/wp-json\/wp\/v2\/media?parent=11295"}],"curies":[{"name":"wp","href":"https:\/\/api.w.org\/{rel}","templated":true}]}}